{"id":98,"date":"2014-08-14T12:50:08","date_gmt":"2014-08-14T12:50:08","guid":{"rendered":"http:\/\/birkatech.se\/?page_id=98"},"modified":"2019-02-14T07:49:54","modified_gmt":"2019-02-14T06:49:54","slug":"referenser","status":"publish","type":"page","link":"https:\/\/birkatech.se\/?page_id=98","title":{"rendered":"Referenser"},"content":{"rendered":"<p>BirkaTech arbetar med kompletta kundl\u00f6sningar\u00a0inom\u00a0tr\u00e5dl\u00f6s datakommunikation. Vi riktar oss fr\u00e4mst till f\u00f6retag och kommuner.<\/p>\n<p>N\u00e5gra av v\u00e5ra kunder:<\/p>\n<p><a href=\"http:\/\/www.botkyrka.se\" target=\"_blank\" rel=\"noopener\"><img decoding=\"async\" loading=\"lazy\" class=\"alignnone  wp-image-101\" src=\"https:\/\/birkatech.se\/wp-content\/uploads\/2014\/08\/Botkyrka.png\" alt=\"Botkyrka\" width=\"132\" height=\"62\" \/><\/a><\/p>\n<p><a href=\"http:\/\/www.stockholm.se\" target=\"_blank\" rel=\"noopener\"><img decoding=\"async\" loading=\"lazy\" class=\"alignnone  wp-image-102\" src=\"https:\/\/birkatech.se\/wp-content\/uploads\/2014\/08\/Stockholm.png\" alt=\"Stockholm\" width=\"131\" height=\"45\" \/><\/a><\/p>\n<p><a href=\"http:\/\/www.stokab.se\/Kontaktsida\/St-Erik-Kommunikation\/\" target=\"_blank\" rel=\"noopener\"><img decoding=\"async\" loading=\"lazy\" class=\"wp-image-100\" src=\"https:\/\/birkatech.se\/wp-content\/uploads\/2014\/08\/StErik.png\" alt=\"StErik\" width=\"110\" height=\"58\" \/><\/a><\/p>\n<p><a href=\"http:\/\/www.cygate.se\" target=\"_blank\" rel=\"noopener\"><img decoding=\"async\" loading=\"lazy\" class=\" wp-image-182\" src=\"https:\/\/birkatech.se\/wp-content\/uploads\/2014\/09\/cygate-logo.png\" alt=\"cygate-logo\" width=\"158\" height=\"57\" \/><\/a><\/p>\n","protected":false},"excerpt":{"rendered":"<p>BirkaTech arbetar med kompletta kundl\u00f6sningar\u00a0inom\u00a0tr\u00e5dl\u00f6s datakommunikation. Vi riktar oss fr\u00e4mst till f\u00f6retag och kommuner. N\u00e5gra av v\u00e5ra kunder:<\/p>\n","protected":false},"author":2,"featured_media":0,"parent":0,"menu_order":4,"comment_status":"closed","ping_status":"closed","template":"","meta":[],"_links":{"self":[{"href":"https:\/\/birkatech.se\/index.php?rest_route=\/wp\/v2\/pages\/98"}],"collection":[{"href":"https:\/\/birkatech.se\/index.php?rest_route=\/wp\/v2\/pages"}],"about":[{"href":"https:\/\/birkatech.se\/index.php?rest_route=\/wp\/v2\/types\/page"}],"author":[{"embeddable":true,"href":"https:\/\/birkatech.se\/index.php?rest_route=\/wp\/v2\/users\/2"}],"replies":[{"embeddable":true,"href":"https:\/\/birkatech.se\/index.php?rest_route=%2Fwp%2Fv2%2Fcomments&post=98"}],"version-history":[{"count":12,"href":"https:\/\/birkatech.se\/index.php?rest_route=\/wp\/v2\/pages\/98\/revisions"}],"predecessor-version":[{"id":758,"href":"https:\/\/birkatech.se\/index.php?rest_route=\/wp\/v2\/pages\/98\/revisions\/758"}],"wp:attachment":[{"href":"https:\/\/birkatech.se\/index.php?rest_route=%2Fwp%2Fv2%2Fmedia&parent=98"}],"curies":[{"name":"wp","href":"https:\/\/api.w.org\/{rel}","templated":true}]}}