{"id":24,"date":"2013-09-24T17:49:30","date_gmt":"2013-09-24T17:49:30","guid":{"rendered":"http:\/\/birkatech.se\/?page_id=24"},"modified":"2019-02-14T07:47:27","modified_gmt":"2019-02-14T06:47:27","slug":"om-oss","status":"publish","type":"page","link":"https:\/\/birkatech.se\/?page_id=24","title":{"rendered":"Om oss"},"content":{"rendered":"<p>BirkaTech AB bygger,- konsulterar och driver; fiber och tr\u00e5dl\u00f6sa n\u00e4tverk f\u00f6r s\u00e4ker kommunikation och styrning. Bolagets kunder \u00e4r fr\u00e4mst f\u00f6retag och kommuner d\u00e4r kvalitet och trygghet \u00e4r prioriterat.<\/p>\n<p>F\u00f6retaget bildades 2012 med syfte att skapa ett f\u00f6retag som drar nytta av grundarnas gedigna kompetenser inom telekom- och datan\u00e4t.<\/p>\n<p>Vi vill medverka till ett b\u00e4ttre fungerande samh\u00e4lle med anv\u00e4ndarv\u00e4nliga, nyttiga och smarta kommunikations-l\u00f6sningar. Med inriktning p\u00e5 anv\u00e4ndbarhet och s\u00e4kerhet ser vi till att tekniken utnyttjas f\u00f6r att hj\u00e4lpa m\u00e4nniskor l\u00f6sa sina uppgifter p\u00e5 b\u00e4sta s\u00e4tt. Resultatet blir anv\u00e4ndarv\u00e4nliga system som leder till:<\/p>\n<ul>\n<li>h\u00f6jd s\u00e4kerhet<\/li>\n<li>minskad energif\u00f6rbrukning<\/li>\n<li>f\u00f6rb\u00e4ttrad arbetsmilj\u00f6<\/li>\n<li>b\u00e4ttre utnyttjande av investeringar<\/li>\n<\/ul>\n<p>F\u00f6retaget \u00e4r baserat i Stockholm, med Sverige som huvudmarknad.<\/p>\n","protected":false},"excerpt":{"rendered":"<p>BirkaTech AB bygger,- konsulterar och driver; fiber och tr\u00e5dl\u00f6sa n\u00e4tverk f\u00f6r s\u00e4ker kommunikation och styrning. Bolagets kunder \u00e4r fr\u00e4mst f\u00f6retag och kommuner d\u00e4r kvalitet och trygghet \u00e4r prioriterat. F\u00f6retaget bildades 2012 med syfte att skapa ett f\u00f6retag som drar nytta av grundarnas gedigna kompetenser inom telekom- och datan\u00e4t. Vi vill medverka till ett b\u00e4ttre fungerande [&hellip;]<\/p>\n","protected":false},"author":2,"featured_media":0,"parent":0,"menu_order":1,"comment_status":"closed","ping_status":"closed","template":"","meta":[],"_links":{"self":[{"href":"https:\/\/birkatech.se\/index.php?rest_route=\/wp\/v2\/pages\/24"}],"collection":[{"href":"https:\/\/birkatech.se\/index.php?rest_route=\/wp\/v2\/pages"}],"about":[{"href":"https:\/\/birkatech.se\/index.php?rest_route=\/wp\/v2\/types\/page"}],"author":[{"embeddable":true,"href":"https:\/\/birkatech.se\/index.php?rest_route=\/wp\/v2\/users\/2"}],"replies":[{"embeddable":true,"href":"https:\/\/birkatech.se\/index.php?rest_route=%2Fwp%2Fv2%2Fcomments&post=24"}],"version-history":[{"count":13,"href":"https:\/\/birkatech.se\/index.php?rest_route=\/wp\/v2\/pages\/24\/revisions"}],"predecessor-version":[{"id":762,"href":"https:\/\/birkatech.se\/index.php?rest_route=\/wp\/v2\/pages\/24\/revisions\/762"}],"wp:attachment":[{"href":"https:\/\/birkatech.se\/index.php?rest_route=%2Fwp%2Fv2%2Fmedia&parent=24"}],"curies":[{"name":"wp","href":"https:\/\/api.w.org\/{rel}","templated":true}]}}