{"id":22,"date":"2013-09-24T17:48:47","date_gmt":"2013-09-24T17:48:47","guid":{"rendered":"http:\/\/birkatech.se\/?page_id=22"},"modified":"2019-02-14T07:47:54","modified_gmt":"2019-02-14T06:47:54","slug":"tjanster","status":"publish","type":"page","link":"https:\/\/birkatech.se\/?page_id=22","title":{"rendered":"V\u00e5ra tj\u00e4nster"},"content":{"rendered":"<p>BirkaTech har kunskapen och erfarenheten som kr\u00e4vs f\u00f6r att l\u00f6sa kommunikationsbehov. Fr\u00e5n id\u00e9 till driftsatt och ink\u00f6rd systeml\u00f6sning.<\/p>\n<p>Vi erbjuder till exempel:<\/p>\n<ul>\n<li>Offerering och f\u00f6rs\u00e4ljning av kundspecifika datakommunikationsl\u00f6sningar till kommuner och f\u00f6retag<\/li>\n<li>Konsultverksamhet f\u00f6r installation,- drift och \u00f6vervakning av datan\u00e4tverk<\/li>\n<li>Hj\u00e4lp med att upphandla av IT-kommunikationsl\u00f6sning<\/li>\n<li>Projektledning av stora eller mindre projekt<\/li>\n<\/ul>\n<p>Kontakta oss f\u00f6r mer information om vad vi kan erbjuda. Skicka oss g\u00e4rna ett mail <a title=\"Kontakt\" href=\"https:\/\/birkatech.se\/?page_id=17\">h\u00e4r<\/a>.<\/p>\n","protected":false},"excerpt":{"rendered":"<p>BirkaTech har kunskapen och erfarenheten som kr\u00e4vs f\u00f6r att l\u00f6sa kommunikationsbehov. Fr\u00e5n id\u00e9 till driftsatt och ink\u00f6rd systeml\u00f6sning. Vi erbjuder till exempel: Offerering och f\u00f6rs\u00e4ljning av kundspecifika datakommunikationsl\u00f6sningar till kommuner och f\u00f6retag Konsultverksamhet f\u00f6r installation,- drift och \u00f6vervakning av datan\u00e4tverk Hj\u00e4lp med att upphandla av IT-kommunikationsl\u00f6sning Projektledning av stora eller mindre projekt Kontakta oss f\u00f6r [&hellip;]<\/p>\n","protected":false},"author":2,"featured_media":0,"parent":0,"menu_order":2,"comment_status":"closed","ping_status":"closed","template":"","meta":[],"_links":{"self":[{"href":"https:\/\/birkatech.se\/index.php?rest_route=\/wp\/v2\/pages\/22"}],"collection":[{"href":"https:\/\/birkatech.se\/index.php?rest_route=\/wp\/v2\/pages"}],"about":[{"href":"https:\/\/birkatech.se\/index.php?rest_route=\/wp\/v2\/types\/page"}],"author":[{"embeddable":true,"href":"https:\/\/birkatech.se\/index.php?rest_route=\/wp\/v2\/users\/2"}],"replies":[{"embeddable":true,"href":"https:\/\/birkatech.se\/index.php?rest_route=%2Fwp%2Fv2%2Fcomments&post=22"}],"version-history":[{"count":12,"href":"https:\/\/birkatech.se\/index.php?rest_route=\/wp\/v2\/pages\/22\/revisions"}],"predecessor-version":[{"id":755,"href":"https:\/\/birkatech.se\/index.php?rest_route=\/wp\/v2\/pages\/22\/revisions\/755"}],"wp:attachment":[{"href":"https:\/\/birkatech.se\/index.php?rest_route=%2Fwp%2Fv2%2Fmedia&parent=22"}],"curies":[{"name":"wp","href":"https:\/\/api.w.org\/{rel}","templated":true}]}}