{"id":19,"date":"2013-09-24T17:44:32","date_gmt":"2013-09-24T17:44:32","guid":{"rendered":"http:\/\/birkatech.se\/?page_id=19"},"modified":"2022-10-26T23:01:34","modified_gmt":"2022-10-26T22:01:34","slug":"hem","status":"publish","type":"page","link":"https:\/\/birkatech.se\/","title":{"rendered":"V\u00e4lkommen!"},"content":{"rendered":"\n<div class=\"is-layout-flow wp-block-group\"><div class=\"wp-block-group__inner-container\">\n<p><\/p>\n<p><a href=\"https:\/\/birkatech.se\/wp-content\/uploads\/2014\/08\/Birka-slide-1.png\"><img decoding=\"async\" loading=\"lazy\" class=\"alignnone size-medium wp-image-117\" src=\"https:\/\/birkatech.se\/wp-content\/uploads\/2014\/08\/Birka-slide-1-300x165.png\" alt=\"\" width=\"300\" height=\"165\" srcset=\"https:\/\/birkatech.se\/wp-content\/uploads\/2014\/08\/Birka-slide-1-300x165.png 300w, https:\/\/birkatech.se\/wp-content\/uploads\/2014\/08\/Birka-slide-1.png 981w\" sizes=\"(max-width: 300px) 100vw, 300px\" \/><\/a> <a href=\"https:\/\/birkatech.se\/wp-content\/uploads\/2014\/09\/Birka-slide-4a.png\"><img decoding=\"async\" loading=\"lazy\" class=\"alignnone size-medium wp-image-181\" src=\"https:\/\/birkatech.se\/wp-content\/uploads\/2014\/09\/Birka-slide-4a-300x164.png\" alt=\"\" width=\"300\" height=\"164\" srcset=\"https:\/\/birkatech.se\/wp-content\/uploads\/2014\/09\/Birka-slide-4a-300x164.png 300w, https:\/\/birkatech.se\/wp-content\/uploads\/2014\/09\/Birka-slide-4a.png 985w\" sizes=\"(max-width: 300px) 100vw, 300px\" \/><\/a> <a href=\"https:\/\/birkatech.se\/wp-content\/uploads\/2014\/09\/Birka-slide-3a.png\"><img decoding=\"async\" loading=\"lazy\" class=\"alignnone size-medium wp-image-180\" src=\"https:\/\/birkatech.se\/wp-content\/uploads\/2014\/09\/Birka-slide-3a-300x164.png\" alt=\"\" width=\"300\" height=\"164\" srcset=\"https:\/\/birkatech.se\/wp-content\/uploads\/2014\/09\/Birka-slide-3a-300x164.png 300w, https:\/\/birkatech.se\/wp-content\/uploads\/2014\/09\/Birka-slide-3a.png 981w\" sizes=\"(max-width: 300px) 100vw, 300px\" \/><\/a> <a href=\"https:\/\/birkatech.se\/wp-content\/uploads\/2014\/09\/Birka-slide-2a.png\"><img decoding=\"async\" loading=\"lazy\" class=\"alignnone size-medium wp-image-179\" src=\"https:\/\/birkatech.se\/wp-content\/uploads\/2014\/09\/Birka-slide-2a-300x164.png\" alt=\"\" width=\"300\" height=\"164\" srcset=\"https:\/\/birkatech.se\/wp-content\/uploads\/2014\/09\/Birka-slide-2a-300x164.png 300w, https:\/\/birkatech.se\/wp-content\/uploads\/2014\/09\/Birka-slide-2a.png 984w\" sizes=\"(max-width: 300px) 100vw, 300px\" \/><\/a><\/p>\n<p>BirkaTech AB bygger och driver IT-n\u00e4tverk f\u00f6r s\u00e4ker kommunikation och styrning. Vi medverkar till ett b\u00e4ttre fungerande samh\u00e4lle med anv\u00e4ndarv\u00e4nliga, nyttiga och smarta kommunikations-l\u00f6sningar.<\/p>\n<p>Med inriktning p\u00e5 anv\u00e4ndbarhet och s\u00e4kerhet ser vi till att tekniken utnyttjas f\u00f6r att hj\u00e4lpa m\u00e4nniskor l\u00f6sa sina uppgifter p\u00e5 b\u00e4sta s\u00e4tt.<\/p>\n<\/div><\/div>\n\n\n\n<p><\/p>\n","protected":false},"excerpt":{"rendered":"<p>BirkaTech AB bygger och driver IT-n\u00e4tverk f\u00f6r s\u00e4ker kommunikation och styrning. Vi medverkar till ett b\u00e4ttre fungerande samh\u00e4lle med anv\u00e4ndarv\u00e4nliga, nyttiga och smarta kommunikations-l\u00f6sningar. Med inriktning p\u00e5 anv\u00e4ndbarhet och s\u00e4kerhet ser vi till att tekniken utnyttjas f\u00f6r att hj\u00e4lpa m\u00e4nniskor l\u00f6sa sina uppgifter p\u00e5 b\u00e4sta s\u00e4tt.<\/p>\n","protected":false},"author":2,"featured_media":0,"parent":0,"menu_order":0,"comment_status":"closed","ping_status":"closed","template":"","meta":[],"_links":{"self":[{"href":"https:\/\/birkatech.se\/index.php?rest_route=\/wp\/v2\/pages\/19"}],"collection":[{"href":"https:\/\/birkatech.se\/index.php?rest_route=\/wp\/v2\/pages"}],"about":[{"href":"https:\/\/birkatech.se\/index.php?rest_route=\/wp\/v2\/types\/page"}],"author":[{"embeddable":true,"href":"https:\/\/birkatech.se\/index.php?rest_route=\/wp\/v2\/users\/2"}],"replies":[{"embeddable":true,"href":"https:\/\/birkatech.se\/index.php?rest_route=%2Fwp%2Fv2%2Fcomments&post=19"}],"version-history":[{"count":26,"href":"https:\/\/birkatech.se\/index.php?rest_route=\/wp\/v2\/pages\/19\/revisions"}],"predecessor-version":[{"id":790,"href":"https:\/\/birkatech.se\/index.php?rest_route=\/wp\/v2\/pages\/19\/revisions\/790"}],"wp:attachment":[{"href":"https:\/\/birkatech.se\/index.php?rest_route=%2Fwp%2Fv2%2Fmedia&parent=19"}],"curies":[{"name":"wp","href":"https:\/\/api.w.org\/{rel}","templated":true}]}}