{"id":122,"date":"2014-08-15T14:54:36","date_gmt":"2014-08-15T14:54:36","guid":{"rendered":"http:\/\/birkatech.se\/?page_id=122"},"modified":"2019-02-14T07:48:53","modified_gmt":"2019-02-14T06:48:53","slug":"teknik","status":"publish","type":"page","link":"https:\/\/birkatech.se\/?page_id=122","title":{"rendered":"Kostnadseffektiva tekniska l\u00f6sningar"},"content":{"rendered":"<h2>Styrning och Kontroll &#8211; M2M (Machine-to-Machine)<\/h2>\n<p>BirkaTech erbjuder kommunikationsl\u00f6sningar f\u00f6r styrning och kontroll av teknisk utrustning.<\/p>\n<h2 style=\"text-align: left;\">Fiber och Tr\u00e5dl\u00f6s kommunikation &#8211; Bredband.<\/h2>\n<p style=\"text-align: left;\">BirkaTech anv\u00e4nder den senaste tekniken f\u00f6r att erbjuda slutkunderna en tillf\u00f6rlitlig och snabb bredbandsuppkoppling via fiber eller tr\u00e5dl\u00f6st. Vi tar hand om hela kedjan, fr\u00e5n design till upphandling, projektledning, drift och support. L\u00e4s mer om v\u00e5ra tj\u00e4nster <a title=\"Tj\u00e4nster\" href=\"https:\/\/birkatech.se\/?page_id=22\">h\u00e4r<\/a>.<\/p>\n<p style=\"text-align: left;\">Vid\u00a0 radiol\u00e4nk ,- tr\u00e5dl\u00f6st erbjuder b\u00e5de punkt-till-multipunkt och punkt-till-punkt kommunikation. F\u00f6r b\u00e5da alternativen anv\u00e4nder vi oftast den licensfria delen i 5 GHz-bandet och den mest kostnadseffektiva och tekniskt optimala utrustningen. <a href=\"https:\/\/birkatech.se\/wp-content\/uploads\/2014\/08\/Birka-P2P6.png\"><img decoding=\"async\" loading=\"lazy\" class=\"wp-image-165 alignnone\" src=\"https:\/\/birkatech.se\/wp-content\/uploads\/2014\/08\/Birka-P2P6.png\" alt=\"Birka P2P6\" width=\"604\" height=\"192\" srcset=\"https:\/\/birkatech.se\/wp-content\/uploads\/2014\/08\/Birka-P2P6.png 746w, https:\/\/birkatech.se\/wp-content\/uploads\/2014\/08\/Birka-P2P6-300x95.png 300w\" sizes=\"(max-width: 604px) 100vw, 604px\" \/><\/a><\/p>\n<p style=\"text-align: left;\">F\u00f6r allt fr\u00e5n mindre orter till st\u00f6rre st\u00e4der kan vi erbjuda f\u00f6ljande:<\/p>\n<ul>\n<li>\n<div style=\"text-align: left;\">Punkt till multipunkt kommunikation, d v s fr\u00e5n en central punkt till flera kunder. Se bilden ovan.<br \/>\nKapacitet:\u00a0Fr\u00e5n 100\u00a0Mbps\u00a0till mer \u00e4n 1 Gbps<\/div>\n<\/li>\n<\/ul>\n<ul>\n<li>Punkt-till-punkt kommunikation, f\u00f6r dedikerad kommunikation mellan tv\u00e5 platser.<br \/>\nKapacitet: Mer \u00e4n 1 Gbps<\/li>\n<\/ul>\n","protected":false},"excerpt":{"rendered":"<p>Styrning och Kontroll &#8211; M2M (Machine-to-Machine) BirkaTech erbjuder kommunikationsl\u00f6sningar f\u00f6r styrning och kontroll av teknisk utrustning. Fiber och Tr\u00e5dl\u00f6s kommunikation &#8211; Bredband. BirkaTech anv\u00e4nder den senaste tekniken f\u00f6r att erbjuda slutkunderna en tillf\u00f6rlitlig och snabb bredbandsuppkoppling via fiber eller tr\u00e5dl\u00f6st. Vi tar hand om hela kedjan, fr\u00e5n design till upphandling, projektledning, drift och support. L\u00e4s [&hellip;]<\/p>\n","protected":false},"author":2,"featured_media":0,"parent":0,"menu_order":3,"comment_status":"closed","ping_status":"closed","template":"","meta":[],"_links":{"self":[{"href":"https:\/\/birkatech.se\/index.php?rest_route=\/wp\/v2\/pages\/122"}],"collection":[{"href":"https:\/\/birkatech.se\/index.php?rest_route=\/wp\/v2\/pages"}],"about":[{"href":"https:\/\/birkatech.se\/index.php?rest_route=\/wp\/v2\/types\/page"}],"author":[{"embeddable":true,"href":"https:\/\/birkatech.se\/index.php?rest_route=\/wp\/v2\/users\/2"}],"replies":[{"embeddable":true,"href":"https:\/\/birkatech.se\/index.php?rest_route=%2Fwp%2Fv2%2Fcomments&post=122"}],"version-history":[{"count":30,"href":"https:\/\/birkatech.se\/index.php?rest_route=\/wp\/v2\/pages\/122\/revisions"}],"predecessor-version":[{"id":757,"href":"https:\/\/birkatech.se\/index.php?rest_route=\/wp\/v2\/pages\/122\/revisions\/757"}],"wp:attachment":[{"href":"https:\/\/birkatech.se\/index.php?rest_route=%2Fwp%2Fv2%2Fmedia&parent=122"}],"curies":[{"name":"wp","href":"https:\/\/api.w.org\/{rel}","templated":true}]}}